{"id":24732,"date":"2023-08-30T21:50:50","date_gmt":"2023-08-31T02:50:50","guid":{"rendered":"https:\/\/vmcvolmaqcolombia.com\/?page_id=24732"},"modified":"2023-09-03T21:45:21","modified_gmt":"2023-09-04T02:45:21","slug":"productos","status":"publish","type":"page","link":"https:\/\/vmcvolmaqcolombia.com\/?page_id=24732","title":{"rendered":"Productos"},"content":{"rendered":"\t\t<div data-elementor-type=\"wp-page\" data-elementor-id=\"24732\" class=\"elementor elementor-24732\">\n\t\t\t\t\t\t<section class=\"elementor-section elementor-top-section elementor-element elementor-element-8d48833 elementor-section-boxed elementor-section-height-default elementor-section-height-default\" data-id=\"8d48833\" data-element_type=\"section\" data-e-type=\"section\">\n\t\t\t\t\t\t<div class=\"elementor-container elementor-column-gap-default\">\n\t\t\t\t\t<div class=\"elementor-column elementor-col-100 elementor-top-column elementor-element elementor-element-612e57f\" data-id=\"612e57f\" data-element_type=\"column\" data-e-type=\"column\">\n\t\t\t<div class=\"elementor-widget-wrap\">\n\t\t\t\t\t\t\t<\/div>\n\t\t<\/div>\n\t\t\t\t\t<\/div>\n\t\t<\/section>\n\t\t\t\t<section class=\"elementor-section elementor-top-section elementor-element elementor-element-2458c82 elementor-section-boxed elementor-section-height-default elementor-section-height-default\" data-id=\"2458c82\" data-element_type=\"section\" data-e-type=\"section\">\n\t\t\t\t\t\t<div class=\"elementor-container elementor-column-gap-default\">\n\t\t\t\t\t<div class=\"elementor-column elementor-col-100 elementor-top-column elementor-element elementor-element-a216a02\" data-id=\"a216a02\" data-element_type=\"column\" data-e-type=\"column\">\n\t\t\t<div class=\"elementor-widget-wrap elementor-element-populated\">\n\t\t\t\t\t\t<div class=\"elementor-element elementor-element-03d82dc elementor-invisible elementor-widget elementor-widget-heading\" data-id=\"03d82dc\" data-element_type=\"widget\" data-e-type=\"widget\" data-settings=\"{&quot;_animation&quot;:&quot;fadeInDown&quot;}\" data-widget_type=\"heading.default\">\n\t\t\t\t<div class=\"elementor-widget-container\">\n\t\t\t\t\t<h2 class=\"elementor-heading-title elementor-size-default\">A trav\u00e9s de nosotros puedes encontrar piezas importadas hasta con un<\/h2>\t\t\t\t<\/div>\n\t\t\t\t<\/div>\n\t\t\t\t<div class=\"elementor-element elementor-element-ac06dd1 elementor-widget elementor-widget-counter\" data-id=\"ac06dd1\" data-element_type=\"widget\" data-e-type=\"widget\" data-widget_type=\"counter.default\">\n\t\t\t\t<div class=\"elementor-widget-container\">\n\t\t\t\t\t\t\t<div class=\"elementor-counter\">\n\t\t\t<div class=\"elementor-counter-title\">m\u00e1s econ\u00f3micas comparadas con la original.\u200b<\/div>\t\t\t<div class=\"elementor-counter-number-wrapper\">\n\t\t\t\t<span class=\"elementor-counter-number-prefix\"><\/span>\n\t\t\t\t<span class=\"elementor-counter-number\" data-duration=\"2000\" data-to-value=\"50\" data-from-value=\"0\" data-delimiter=\",\">0<\/span>\n\t\t\t\t<span class=\"elementor-counter-number-suffix\">%<\/span>\n\t\t\t<\/div>\n\t\t<\/div>\n\t\t\t\t\t\t<\/div>\n\t\t\t\t<\/div>\n\t\t\t\t<div class=\"elementor-element elementor-element-9abbf56 elementor-widget__width-initial elementor-widget-mobile__width-initial elementor-invisible elementor-widget elementor-widget-image\" data-id=\"9abbf56\" data-element_type=\"widget\" data-e-type=\"widget\" data-settings=\"{&quot;_animation&quot;:&quot;fadeIn&quot;}\" data-widget_type=\"image.default\">\n\t\t\t\t<div class=\"elementor-widget-container\">\n\t\t\t\t\t\t\t\t\t\t\t\t\t\t\t<img fetchpriority=\"high\" decoding=\"async\" width=\"382\" height=\"510\" src=\"https:\/\/vmcvolmaqcolombia.com\/wp-content\/uploads\/2023\/08\/2758B5B3-2E76-4A93-9965-876938AC885F.jpeg\" class=\"attachment-large size-large wp-image-24756\" alt=\"\" srcset=\"https:\/\/vmcvolmaqcolombia.com\/wp-content\/uploads\/2023\/08\/2758B5B3-2E76-4A93-9965-876938AC885F.jpeg 382w, https:\/\/vmcvolmaqcolombia.com\/wp-content\/uploads\/2023\/08\/2758B5B3-2E76-4A93-9965-876938AC885F-225x300.jpeg 225w\" sizes=\"(max-width: 382px) 100vw, 382px\" \/>\t\t\t\t\t\t\t\t\t\t\t\t\t\t\t<\/div>\n\t\t\t\t<\/div>\n\t\t\t\t<section class=\"elementor-section elementor-inner-section elementor-element elementor-element-217168e elementor-section-boxed elementor-section-height-default elementor-section-height-default\" data-id=\"217168e\" data-element_type=\"section\" data-e-type=\"section\">\n\t\t\t\t\t\t<div class=\"elementor-container elementor-column-gap-default\">\n\t\t\t\t\t<div class=\"elementor-column elementor-col-100 elementor-inner-column elementor-element elementor-element-9b773ab elementor-invisible\" data-id=\"9b773ab\" data-element_type=\"column\" data-e-type=\"column\" data-settings=\"{&quot;animation&quot;:&quot;fadeIn&quot;}\">\n\t\t\t<div class=\"elementor-widget-wrap elementor-element-populated\">\n\t\t\t\t\t\t<div class=\"elementor-element elementor-element-846575b elementor-widget elementor-widget-heading\" data-id=\"846575b\" data-element_type=\"widget\" data-e-type=\"widget\" data-widget_type=\"heading.default\">\n\t\t\t\t<div class=\"elementor-widget-container\">\n\t\t\t\t\t<h2 class=\"elementor-heading-title elementor-size-default\">Variedad en repuestos Volvo<\/h2>\t\t\t\t<\/div>\n\t\t\t\t<\/div>\n\t\t\t\t<div class=\"elementor-element elementor-element-cd5486b elementor-widget elementor-widget-text-editor\" data-id=\"cd5486b\" data-element_type=\"widget\" data-e-type=\"widget\" data-widget_type=\"text-editor.default\">\n\t\t\t\t<div class=\"elementor-widget-container\">\n\t\t\t\t\t\t\t\t\t<p>Encuentre con nosotros los repuestos que necesita para su maquinar\u00eda amarilla Volvo<\/p>\t\t\t\t\t\t\t\t<\/div>\n\t\t\t\t<\/div>\n\t\t\t\t\t<\/div>\n\t\t<\/div>\n\t\t\t\t\t<\/div>\n\t\t<\/section>\n\t\t\t\t<div class=\"elementor-element elementor-element-c1afc1c elementor-arrows-position-inside elementor-pagination-position-outside elementor-invisible elementor-widget elementor-widget-image-carousel\" data-id=\"c1afc1c\" data-element_type=\"widget\" data-e-type=\"widget\" data-settings=\"{&quot;_animation&quot;:&quot;fadeIn&quot;,&quot;navigation&quot;:&quot;both&quot;,&quot;autoplay&quot;:&quot;yes&quot;,&quot;pause_on_hover&quot;:&quot;yes&quot;,&quot;pause_on_interaction&quot;:&quot;yes&quot;,&quot;autoplay_speed&quot;:5000,&quot;infinite&quot;:&quot;yes&quot;,&quot;speed&quot;:500}\" data-widget_type=\"image-carousel.default\">\n\t\t\t\t<div class=\"elementor-widget-container\">\n\t\t\t\t\t\t\t<div class=\"elementor-image-carousel-wrapper swiper\" role=\"region\" aria-roledescription=\"carousel\" aria-label=\"Image Carousel\" dir=\"ltr\">\n\t\t\t<div class=\"elementor-image-carousel swiper-wrapper\" aria-live=\"off\">\n\t\t\t\t\t\t\t\t<div class=\"swiper-slide\" role=\"group\" aria-roledescription=\"slide\" aria-label=\"1 of 12\"><figure class=\"swiper-slide-inner\"><img decoding=\"async\" class=\"swiper-slide-image\" src=\"https:\/\/vmcvolmaqcolombia.com\/wp-content\/uploads\/2023\/08\/image-2-300x225.jpg\" alt=\"image (2)\" \/><\/figure><\/div><div class=\"swiper-slide\" role=\"group\" aria-roledescription=\"slide\" aria-label=\"2 of 12\"><figure class=\"swiper-slide-inner\"><img decoding=\"async\" class=\"swiper-slide-image\" src=\"https:\/\/vmcvolmaqcolombia.com\/wp-content\/uploads\/2023\/08\/image-1-300x225.jpg\" alt=\"image (1)\" \/><\/figure><\/div><div class=\"swiper-slide\" role=\"group\" aria-roledescription=\"slide\" aria-label=\"3 of 12\"><figure class=\"swiper-slide-inner\"><img decoding=\"async\" class=\"swiper-slide-image\" src=\"https:\/\/vmcvolmaqcolombia.com\/wp-content\/uploads\/2023\/08\/image-5-300x225.jpg\" alt=\"image (5)\" \/><\/figure><\/div><div class=\"swiper-slide\" role=\"group\" aria-roledescription=\"slide\" aria-label=\"4 of 12\"><figure class=\"swiper-slide-inner\"><img decoding=\"async\" class=\"swiper-slide-image\" src=\"https:\/\/vmcvolmaqcolombia.com\/wp-content\/uploads\/2023\/08\/image-3-225x300.jpg\" alt=\"image (3)\" \/><\/figure><\/div><div class=\"swiper-slide\" role=\"group\" aria-roledescription=\"slide\" aria-label=\"5 of 12\"><figure class=\"swiper-slide-inner\"><img decoding=\"async\" class=\"swiper-slide-image\" src=\"https:\/\/vmcvolmaqcolombia.com\/wp-content\/uploads\/2023\/08\/image-300x225.jpg\" alt=\"image\" \/><\/figure><\/div><div class=\"swiper-slide\" role=\"group\" aria-roledescription=\"slide\" aria-label=\"6 of 12\"><figure class=\"swiper-slide-inner\"><img decoding=\"async\" class=\"swiper-slide-image\" src=\"https:\/\/vmcvolmaqcolombia.com\/wp-content\/uploads\/2023\/08\/8CFF6EEF-D77F-4433-82E3-049332816294-138x300.jpeg\" alt=\"8CFF6EEF-D77F-4433-82E3-049332816294\" \/><\/figure><\/div><div class=\"swiper-slide\" role=\"group\" aria-roledescription=\"slide\" aria-label=\"7 of 12\"><figure class=\"swiper-slide-inner\"><img decoding=\"async\" class=\"swiper-slide-image\" src=\"https:\/\/vmcvolmaqcolombia.com\/wp-content\/uploads\/2023\/08\/B54F7B80-473E-456B-8BAC-72AFE465BFFC-169x300.jpeg\" alt=\"B54F7B80-473E-456B-8BAC-72AFE465BFFC\" \/><\/figure><\/div><div class=\"swiper-slide\" role=\"group\" aria-roledescription=\"slide\" aria-label=\"8 of 12\"><figure class=\"swiper-slide-inner\"><img decoding=\"async\" class=\"swiper-slide-image\" src=\"https:\/\/vmcvolmaqcolombia.com\/wp-content\/uploads\/2023\/08\/B10F70BF-3F97-49F6-AAB2-9CBE11A56B7C-169x300.jpeg\" alt=\"B10F70BF-3F97-49F6-AAB2-9CBE11A56B7C\" \/><\/figure><\/div><div class=\"swiper-slide\" role=\"group\" aria-roledescription=\"slide\" aria-label=\"9 of 12\"><figure class=\"swiper-slide-inner\"><img decoding=\"async\" class=\"swiper-slide-image\" src=\"https:\/\/vmcvolmaqcolombia.com\/wp-content\/uploads\/2023\/08\/8014481C-690F-4BBB-8319-C3F54B5A5943-225x300.jpeg\" alt=\"8014481C-690F-4BBB-8319-C3F54B5A5943\" \/><\/figure><\/div><div class=\"swiper-slide\" role=\"group\" aria-roledescription=\"slide\" aria-label=\"10 of 12\"><figure class=\"swiper-slide-inner\"><img decoding=\"async\" class=\"swiper-slide-image\" src=\"https:\/\/vmcvolmaqcolombia.com\/wp-content\/uploads\/2023\/08\/image-4-225x300.jpg\" alt=\"image (4)\" \/><\/figure><\/div><div class=\"swiper-slide\" role=\"group\" aria-roledescription=\"slide\" aria-label=\"11 of 12\"><figure class=\"swiper-slide-inner\"><img decoding=\"async\" class=\"swiper-slide-image\" src=\"https:\/\/vmcvolmaqcolombia.com\/wp-content\/uploads\/2023\/08\/89A1FDDC-BE7A-457B-B8C8-6E413937CF7A-225x300.jpeg\" alt=\"89A1FDDC-BE7A-457B-B8C8-6E413937CF7A\" \/><\/figure><\/div><div class=\"swiper-slide\" role=\"group\" aria-roledescription=\"slide\" aria-label=\"12 of 12\"><figure class=\"swiper-slide-inner\"><img decoding=\"async\" class=\"swiper-slide-image\" src=\"https:\/\/vmcvolmaqcolombia.com\/wp-content\/uploads\/2023\/08\/E962C14E-5700-4A3F-B84B-62B19F9C7350-169x300.jpeg\" alt=\"E962C14E-5700-4A3F-B84B-62B19F9C7350\" \/><\/figure><\/div>\t\t\t<\/div>\n\t\t\t\t\t\t\t\t\t\t\t\t<div class=\"elementor-swiper-button elementor-swiper-button-prev\" role=\"button\" tabindex=\"0\">\n\t\t\t\t\t\t<i aria-hidden=\"true\" class=\"eicon-chevron-left\"><\/i>\t\t\t\t\t<\/div>\n\t\t\t\t\t<div class=\"elementor-swiper-button elementor-swiper-button-next\" role=\"button\" tabindex=\"0\">\n\t\t\t\t\t\t<i aria-hidden=\"true\" class=\"eicon-chevron-right\"><\/i>\t\t\t\t\t<\/div>\n\t\t\t\t\n\t\t\t\t\t\t\t\t\t<div class=\"swiper-pagination\"><\/div>\n\t\t\t\t\t\t\t\t\t<\/div>\n\t\t\t\t\t\t<\/div>\n\t\t\t\t<\/div>\n\t\t\t\t<section class=\"elementor-section elementor-inner-section elementor-element elementor-element-ef7de72 elementor-section-boxed elementor-section-height-default elementor-section-height-default\" data-id=\"ef7de72\" data-element_type=\"section\" data-e-type=\"section\">\n\t\t\t\t\t\t<div class=\"elementor-container elementor-column-gap-default\">\n\t\t\t\t\t<div class=\"elementor-column elementor-col-50 elementor-inner-column elementor-element elementor-element-d48f628 elementor-invisible\" data-id=\"d48f628\" data-element_type=\"column\" data-e-type=\"column\" data-settings=\"{&quot;background_background&quot;:&quot;classic&quot;,&quot;animation&quot;:&quot;fadeInLeft&quot;}\">\n\t\t\t<div class=\"elementor-widget-wrap elementor-element-populated\">\n\t\t\t\t\t\t<div class=\"elementor-element elementor-element-724ffa7 elementor-widget elementor-widget-image-box\" data-id=\"724ffa7\" data-element_type=\"widget\" data-e-type=\"widget\" data-widget_type=\"image-box.default\">\n\t\t\t\t<div class=\"elementor-widget-container\">\n\t\t\t\t\t<div class=\"elementor-image-box-wrapper\"><div class=\"elementor-image-box-content\"><h3 class=\"elementor-image-box-title\">Repuestos OEM<\/h3><p class=\"elementor-image-box-description\">Nuestras presentaciones en OEM nos permiten entregar productos con el mismo tratamiento t\u00e9cnico y presentacion como en calidad original y con precios hasta con un 35% m\u00e1s econ\u00f3micos.<\/p><\/div><\/div>\t\t\t\t<\/div>\n\t\t\t\t<\/div>\n\t\t\t\t\t<\/div>\n\t\t<\/div>\n\t\t\t\t<div class=\"elementor-column elementor-col-50 elementor-inner-column elementor-element elementor-element-9b92bd6 elementor-invisible\" data-id=\"9b92bd6\" data-element_type=\"column\" data-e-type=\"column\" data-settings=\"{&quot;background_background&quot;:&quot;classic&quot;,&quot;animation&quot;:&quot;fadeIn&quot;}\">\n\t\t\t<div class=\"elementor-widget-wrap elementor-element-populated\">\n\t\t\t\t\t\t<div class=\"elementor-element elementor-element-a9064c5 elementor-widget__width-initial elementor-widget elementor-widget-image\" data-id=\"a9064c5\" data-element_type=\"widget\" data-e-type=\"widget\" data-widget_type=\"image.default\">\n\t\t\t\t<div class=\"elementor-widget-container\">\n\t\t\t\t\t\t\t\t\t\t\t\t\t\t\t<img decoding=\"async\" width=\"871\" height=\"590\" src=\"https:\/\/vmcvolmaqcolombia.com\/wp-content\/uploads\/2023\/08\/3033154-1.jpeg\" class=\"attachment-large size-large wp-image-24781\" alt=\"\" srcset=\"https:\/\/vmcvolmaqcolombia.com\/wp-content\/uploads\/2023\/08\/3033154-1.jpeg 871w, https:\/\/vmcvolmaqcolombia.com\/wp-content\/uploads\/2023\/08\/3033154-1-300x203.jpeg 300w, https:\/\/vmcvolmaqcolombia.com\/wp-content\/uploads\/2023\/08\/3033154-1-768x520.jpeg 768w\" sizes=\"(max-width: 871px) 100vw, 871px\" \/>\t\t\t\t\t\t\t\t\t\t\t\t\t\t\t<\/div>\n\t\t\t\t<\/div>\n\t\t\t\t\t<\/div>\n\t\t<\/div>\n\t\t\t\t\t<\/div>\n\t\t<\/section>\n\t\t\t\t<section class=\"elementor-section elementor-inner-section elementor-element elementor-element-d01ab81 elementor-section-boxed elementor-section-height-default elementor-section-height-default\" data-id=\"d01ab81\" data-element_type=\"section\" data-e-type=\"section\">\n\t\t\t\t\t\t<div class=\"elementor-container elementor-column-gap-default\">\n\t\t\t\t\t<div class=\"elementor-column elementor-col-50 elementor-inner-column elementor-element elementor-element-4fe5909\" data-id=\"4fe5909\" data-element_type=\"column\" data-e-type=\"column\">\n\t\t\t<div class=\"elementor-widget-wrap elementor-element-populated\">\n\t\t\t\t\t\t<div class=\"elementor-element elementor-element-5fbc414 elementor-invisible elementor-widget elementor-widget-image\" data-id=\"5fbc414\" data-element_type=\"widget\" data-e-type=\"widget\" data-settings=\"{&quot;_animation&quot;:&quot;fadeIn&quot;}\" data-widget_type=\"image.default\">\n\t\t\t\t<div class=\"elementor-widget-container\">\n\t\t\t\t\t\t\t\t\t\t\t\t\t\t\t<img decoding=\"async\" width=\"450\" height=\"302\" src=\"https:\/\/vmcvolmaqcolombia.com\/wp-content\/uploads\/2023\/08\/partes-para-transmision.jpg\" class=\"attachment-large size-large wp-image-24779\" alt=\"\" srcset=\"https:\/\/vmcvolmaqcolombia.com\/wp-content\/uploads\/2023\/08\/partes-para-transmision.jpg 450w, https:\/\/vmcvolmaqcolombia.com\/wp-content\/uploads\/2023\/08\/partes-para-transmision-300x201.jpg 300w\" sizes=\"(max-width: 450px) 100vw, 450px\" \/>\t\t\t\t\t\t\t\t\t\t\t\t\t\t\t<\/div>\n\t\t\t\t<\/div>\n\t\t\t\t\t<\/div>\n\t\t<\/div>\n\t\t\t\t<div class=\"elementor-column elementor-col-50 elementor-inner-column elementor-element elementor-element-e2842a0 elementor-invisible\" data-id=\"e2842a0\" data-element_type=\"column\" data-e-type=\"column\" data-settings=\"{&quot;animation&quot;:&quot;fadeInRight&quot;}\">\n\t\t\t<div class=\"elementor-widget-wrap elementor-element-populated\">\n\t\t\t\t\t\t<div class=\"elementor-element elementor-element-376792f elementor-widget__width-initial elementor-widget elementor-widget-image-box\" data-id=\"376792f\" data-element_type=\"widget\" data-e-type=\"widget\" data-widget_type=\"image-box.default\">\n\t\t\t\t<div class=\"elementor-widget-container\">\n\t\t\t\t\t<div class=\"elementor-image-box-wrapper\"><div class=\"elementor-image-box-content\"><h3 class=\"elementor-image-box-title\">Repuestos Originales<\/h3><p class=\"elementor-image-box-description\">La log\u00edstica desempe\u00f1ada por Volmaq entrega a nuestros clientes repuestos originales hasta en 3 d\u00edas h\u00e1biles en Colombia y en tiempos regulares no mayores a 12 d\u00edas h\u00e1biles, en la actualidad nuestras entregas son las m\u00e1s r\u00e1pidas del mercado.<\/p><\/div><\/div>\t\t\t\t<\/div>\n\t\t\t\t<\/div>\n\t\t\t\t\t<\/div>\n\t\t<\/div>\n\t\t\t\t\t<\/div>\n\t\t<\/section>\n\t\t\t\t<section class=\"elementor-section elementor-inner-section elementor-element elementor-element-e2aabdb elementor-section-boxed elementor-section-height-default elementor-section-height-default\" data-id=\"e2aabdb\" data-element_type=\"section\" data-e-type=\"section\">\n\t\t\t\t\t\t<div class=\"elementor-container elementor-column-gap-default\">\n\t\t\t\t\t<div class=\"elementor-column elementor-col-100 elementor-inner-column elementor-element elementor-element-2790c12 elementor-invisible\" data-id=\"2790c12\" data-element_type=\"column\" data-e-type=\"column\" data-settings=\"{&quot;animation&quot;:&quot;fadeIn&quot;}\">\n\t\t\t<div class=\"elementor-widget-wrap elementor-element-populated\">\n\t\t\t\t\t\t<div class=\"elementor-element elementor-element-52f69d4 elementor-widget__width-initial elementor-widget-mobile__width-initial elementor-widget elementor-widget-image\" data-id=\"52f69d4\" data-element_type=\"widget\" data-e-type=\"widget\" data-widget_type=\"image.default\">\n\t\t\t\t<div class=\"elementor-widget-container\">\n\t\t\t\t\t\t\t\t\t\t\t\t\t\t\t<img loading=\"lazy\" decoding=\"async\" width=\"1024\" height=\"320\" src=\"https:\/\/vmcvolmaqcolombia.com\/wp-content\/uploads\/2023\/08\/Diseno-sin-titulo-15-e1693456965830-1024x320.png\" class=\"attachment-large size-large wp-image-24782\" alt=\"\" srcset=\"https:\/\/vmcvolmaqcolombia.com\/wp-content\/uploads\/2023\/08\/Diseno-sin-titulo-15-e1693456965830-1024x320.png 1024w, https:\/\/vmcvolmaqcolombia.com\/wp-content\/uploads\/2023\/08\/Diseno-sin-titulo-15-e1693456965830-300x94.png 300w, https:\/\/vmcvolmaqcolombia.com\/wp-content\/uploads\/2023\/08\/Diseno-sin-titulo-15-e1693456965830-768x240.png 768w, https:\/\/vmcvolmaqcolombia.com\/wp-content\/uploads\/2023\/08\/Diseno-sin-titulo-15-e1693456965830.png 1089w\" sizes=\"(max-width: 1024px) 100vw, 1024px\" \/>\t\t\t\t\t\t\t\t\t\t\t\t\t\t\t<\/div>\n\t\t\t\t<\/div>\n\t\t\t\t\t<\/div>\n\t\t<\/div>\n\t\t\t\t\t<\/div>\n\t\t<\/section>\n\t\t\t\t\t<\/div>\n\t\t<\/div>\n\t\t\t\t\t<\/div>\n\t\t<\/section>\n\t\t\t\t<section class=\"elementor-section elementor-top-section elementor-element elementor-element-9f993d8 elementor-section-boxed elementor-section-height-default elementor-section-height-default\" data-id=\"9f993d8\" data-element_type=\"section\" data-e-type=\"section\">\n\t\t\t\t\t\t<div class=\"elementor-container elementor-column-gap-default\">\n\t\t\t\t\t<div class=\"elementor-column elementor-col-100 elementor-top-column elementor-element elementor-element-4059b4e elementor-invisible\" data-id=\"4059b4e\" data-element_type=\"column\" data-e-type=\"column\" data-settings=\"{&quot;animation&quot;:&quot;fadeIn&quot;}\">\n\t\t\t<div class=\"elementor-widget-wrap elementor-element-populated\">\n\t\t\t\t\t\t<section class=\"elementor-section elementor-inner-section elementor-element elementor-element-4728af3 elementor-section-boxed elementor-section-height-default elementor-section-height-default\" data-id=\"4728af3\" data-element_type=\"section\" data-e-type=\"section\">\n\t\t\t\t\t\t<div class=\"elementor-container elementor-column-gap-default\">\n\t\t\t\t\t<div class=\"elementor-column elementor-col-100 elementor-inner-column elementor-element elementor-element-097e24c elementor-invisible\" data-id=\"097e24c\" data-element_type=\"column\" data-e-type=\"column\" data-settings=\"{&quot;background_background&quot;:&quot;classic&quot;,&quot;animation&quot;:&quot;fadeIn&quot;}\">\n\t\t\t<div class=\"elementor-widget-wrap elementor-element-populated\">\n\t\t\t\t\t\t<div class=\"elementor-element elementor-element-5ea929b elementor-invisible elementor-widget elementor-widget-heading\" data-id=\"5ea929b\" data-element_type=\"widget\" data-e-type=\"widget\" data-settings=\"{&quot;_animation&quot;:&quot;fadeIn&quot;}\" data-widget_type=\"heading.default\">\n\t\t\t\t<div class=\"elementor-widget-container\">\n\t\t\t\t\t<h2 class=\"elementor-heading-title elementor-size-default\">Inventario disponible en bodega local e internacional<\/h2>\t\t\t\t<\/div>\n\t\t\t\t<\/div>\n\t\t\t\t\t<\/div>\n\t\t<\/div>\n\t\t\t\t\t<\/div>\n\t\t<\/section>\n\t\t\t\t\t<\/div>\n\t\t<\/div>\n\t\t\t\t\t<\/div>\n\t\t<\/section>\n\t\t\t\t<\/div>\n\t\t","protected":false},"excerpt":{"rendered":"<p>A trav\u00e9s de nosotros puedes encontrar piezas importadas hasta con un 0 % m\u00e1s econ\u00f3micas comparadas con la original.\u200b Variedad en repuestos Volvo Encuentre con nosotros los repuestos que necesita para su maquinar\u00eda amarilla Volvo Repuestos OEM Nuestras presentaciones en OEM nos permiten entregar productos con el mismo tratamiento t\u00e9cnico y presentacion como en calidad [&hellip;]<\/p>\n","protected":false},"author":1,"featured_media":0,"parent":0,"menu_order":0,"comment_status":"closed","ping_status":"closed","template":"","meta":{"site-sidebar-layout":"no-sidebar","site-content-layout":"page-builder","ast-site-content-layout":"default","site-content-style":"default","site-sidebar-style":"default","ast-global-header-display":"","ast-banner-title-visibility":"","ast-main-header-display":"","ast-hfb-above-header-display":"","ast-hfb-below-header-display":"","ast-hfb-mobile-header-display":"","site-post-title":"disabled","ast-breadcrumbs-content":"","ast-featured-img":"disabled","footer-sml-layout":"","ast-disable-related-posts":"","theme-transparent-header-meta":"","adv-header-id-meta":"","stick-header-meta":"","header-above-stick-meta":"","header-main-stick-meta":"","header-below-stick-meta":"","astra-migrate-meta-layouts":"default","ast-page-background-enabled":"default","ast-page-background-meta":{"desktop":{"background-color":"","background-image":"","background-repeat":"repeat","background-position":"center center","background-size":"auto","background-attachment":"scroll","background-type":"","background-media":"","overlay-type":"","overlay-color":"","overlay-opacity":"","overlay-gradient":""},"tablet":{"background-color":"","background-image":"","background-repeat":"repeat","background-position":"center center","background-size":"auto","background-attachment":"scroll","background-type":"","background-media":"","overlay-type":"","overlay-color":"","overlay-opacity":"","overlay-gradient":""},"mobile":{"background-color":"","background-image":"","background-repeat":"repeat","background-position":"center center","background-size":"auto","background-attachment":"scroll","background-type":"","background-media":"","overlay-type":"","overlay-color":"","overlay-opacity":"","overlay-gradient":""}},"ast-content-background-meta":{"desktop":{"background-color":"var(--ast-global-color-5)","background-image":"","background-repeat":"repeat","background-position":"center center","background-size":"auto","background-attachment":"scroll","background-type":"","background-media":"","overlay-type":"","overlay-color":"","overlay-opacity":"","overlay-gradient":""},"tablet":{"background-color":"var(--ast-global-color-5)","background-image":"","background-repeat":"repeat","background-position":"center center","background-size":"auto","background-attachment":"scroll","background-type":"","background-media":"","overlay-type":"","overlay-color":"","overlay-opacity":"","overlay-gradient":""},"mobile":{"background-color":"var(--ast-global-color-5)","background-image":"","background-repeat":"repeat","background-position":"center center","background-size":"auto","background-attachment":"scroll","background-type":"","background-media":"","overlay-type":"","overlay-color":"","overlay-opacity":"","overlay-gradient":""}},"_joinchat":[],"footnotes":""},"class_list":["post-24732","page","type-page","status-publish","hentry"],"_links":{"self":[{"href":"https:\/\/vmcvolmaqcolombia.com\/index.php?rest_route=\/wp\/v2\/pages\/24732","targetHints":{"allow":["GET"]}}],"collection":[{"href":"https:\/\/vmcvolmaqcolombia.com\/index.php?rest_route=\/wp\/v2\/pages"}],"about":[{"href":"https:\/\/vmcvolmaqcolombia.com\/index.php?rest_route=\/wp\/v2\/types\/page"}],"author":[{"embeddable":true,"href":"https:\/\/vmcvolmaqcolombia.com\/index.php?rest_route=\/wp\/v2\/users\/1"}],"replies":[{"embeddable":true,"href":"https:\/\/vmcvolmaqcolombia.com\/index.php?rest_route=%2Fwp%2Fv2%2Fcomments&post=24732"}],"version-history":[{"count":10,"href":"https:\/\/vmcvolmaqcolombia.com\/index.php?rest_route=\/wp\/v2\/pages\/24732\/revisions"}],"predecessor-version":[{"id":24791,"href":"https:\/\/vmcvolmaqcolombia.com\/index.php?rest_route=\/wp\/v2\/pages\/24732\/revisions\/24791"}],"wp:attachment":[{"href":"https:\/\/vmcvolmaqcolombia.com\/index.php?rest_route=%2Fwp%2Fv2%2Fmedia&parent=24732"}],"curies":[{"name":"wp","href":"https:\/\/api.w.org\/{rel}","templated":true}]}}