{"id":24254,"date":"2020-10-08T07:43:07","date_gmt":"2020-10-08T07:43:07","guid":{"rendered":"https:\/\/vmcvolmaqcolombia.com\/?page_id=24254"},"modified":"2023-08-30T22:40:16","modified_gmt":"2023-08-31T03:40:16","slug":"all-courses","status":"publish","type":"page","link":"https:\/\/vmcvolmaqcolombia.com\/?page_id=24254","title":{"rendered":"All Courses"},"content":{"rendered":"\t\t<div data-elementor-type=\"wp-page\" data-elementor-id=\"24254\" class=\"elementor elementor-24254\">\n\t\t\t\t\t\t<section class=\"elementor-section elementor-top-section elementor-element elementor-element-539e338 elementor-section-boxed elementor-section-height-default elementor-section-height-default\" data-id=\"539e338\" data-element_type=\"section\" data-e-type=\"section\">\n\t\t\t\t\t\t\t<div class=\"elementor-background-overlay\"><\/div>\n\t\t\t\t\t\t\t<div class=\"elementor-container elementor-column-gap-no\">\n\t\t\t\t\t<div class=\"elementor-column elementor-col-100 elementor-top-column elementor-element elementor-element-5a7defa\" data-id=\"5a7defa\" data-element_type=\"column\" data-e-type=\"column\">\n\t\t\t<div class=\"elementor-widget-wrap elementor-element-populated\">\n\t\t\t\t\t\t<section class=\"elementor-section elementor-inner-section elementor-element elementor-element-21d5dfb elementor-section-boxed elementor-section-height-default elementor-section-height-default\" data-id=\"21d5dfb\" data-element_type=\"section\" data-e-type=\"section\">\n\t\t\t\t\t\t<div class=\"elementor-container elementor-column-gap-default\">\n\t\t\t\t\t<div class=\"elementor-column elementor-col-100 elementor-inner-column elementor-element elementor-element-ac07a9b elementor-invisible\" data-id=\"ac07a9b\" data-element_type=\"column\" data-e-type=\"column\" data-settings=\"{&quot;background_background&quot;:&quot;classic&quot;,&quot;animation&quot;:&quot;fadeInLeft&quot;}\">\n\t\t\t<div class=\"elementor-widget-wrap elementor-element-populated\">\n\t\t\t\t\t\t<div class=\"elementor-element elementor-element-c65ef16 elementor-widget elementor-widget-heading\" data-id=\"c65ef16\" data-element_type=\"widget\" data-e-type=\"widget\" data-widget_type=\"heading.default\">\n\t\t\t\t<div class=\"elementor-widget-container\">\n\t\t\t\t\t<h2 class=\"elementor-heading-title elementor-size-default\">Misi\u00f3n<\/h2>\t\t\t\t<\/div>\n\t\t\t\t<\/div>\n\t\t\t\t<div class=\"elementor-element elementor-element-78a633a elementor-widget elementor-widget-text-editor\" data-id=\"78a633a\" data-element_type=\"widget\" data-e-type=\"widget\" data-widget_type=\"text-editor.default\">\n\t\t\t\t<div class=\"elementor-widget-container\">\n\t\t\t\t\t\t\t\t\t<p>En VOLMAQ COLOMBIA SAS, nuestra misi\u00f3n es ser el socio confiable y l\u00edder en la industria para la provisi\u00f3n de repuestos y servicios para maquinaria amarilla. Nos comprometemos a satisfacer las necesidades \u00fanicas de nuestros clientes, que van desde empresas de construcci\u00f3n hasta operadores individuales, al ofrecer una amplia gama de repuestos y soluciones para mantener sus equipos en funcionamiento \u00f3ptimo. A trav\u00e9s de nuestra dedicaci\u00f3n a la calidad, la eficiencia y la excelencia en el servicio al cliente, buscamos ser la opci\u00f3n preferida en la industria, contribuyendo as\u00ed al \u00e9xito y la eficacia de nuestros clientes en sus proyectos y operaciones.<\/p>\t\t\t\t\t\t\t\t<\/div>\n\t\t\t\t<\/div>\n\t\t\t\t\t<\/div>\n\t\t<\/div>\n\t\t\t\t\t<\/div>\n\t\t<\/section>\n\t\t\t\t<section class=\"elementor-section elementor-inner-section elementor-element elementor-element-f6ebca3 elementor-section-boxed elementor-section-height-default elementor-section-height-default\" data-id=\"f6ebca3\" data-element_type=\"section\" data-e-type=\"section\">\n\t\t\t\t\t\t<div class=\"elementor-container elementor-column-gap-default\">\n\t\t\t\t\t<div class=\"elementor-column elementor-col-100 elementor-inner-column elementor-element elementor-element-a8c4b0d elementor-invisible\" data-id=\"a8c4b0d\" data-element_type=\"column\" data-e-type=\"column\" data-settings=\"{&quot;animation&quot;:&quot;fadeInRight&quot;}\">\n\t\t\t<div class=\"elementor-widget-wrap elementor-element-populated\">\n\t\t\t\t\t\t<div class=\"elementor-element elementor-element-11f2d93 elementor-widget elementor-widget-heading\" data-id=\"11f2d93\" data-element_type=\"widget\" data-e-type=\"widget\" data-widget_type=\"heading.default\">\n\t\t\t\t<div class=\"elementor-widget-container\">\n\t\t\t\t\t<h2 class=\"elementor-heading-title elementor-size-default\">Visi\u00f3n<\/h2>\t\t\t\t<\/div>\n\t\t\t\t<\/div>\n\t\t\t\t<div class=\"elementor-element elementor-element-757756e elementor-widget elementor-widget-text-editor\" data-id=\"757756e\" data-element_type=\"widget\" data-e-type=\"widget\" data-widget_type=\"text-editor.default\">\n\t\t\t\t<div class=\"elementor-widget-container\">\n\t\t\t\t\t\t\t\t\t<p>En VOLMAQ COLOMBIA SAS, aspiramos a convertirnos en el referente global en la industria de suministro de repuestos y servicios para maquinaria amarilla. Nuestra visi\u00f3n es establecer una red de operaciones que abarque fronteras, proporcionando soluciones integrales y eficientes para mantener en movimiento el coraz\u00f3n de la construcci\u00f3n y la infraestructura a nivel mundial. A trav\u00e9s de la innovaci\u00f3n constante, la excelencia operativa y la colaboraci\u00f3n estrat\u00e9gica, nos esforzamos por ser reconocidos como el socio esencial que impulsa el rendimiento y la productividad de nuestros clientes, al tiempo que contribuimos al desarrollo sostenible de las industrias que servimos.<\/p>\t\t\t\t\t\t\t\t<\/div>\n\t\t\t\t<\/div>\n\t\t\t\t\t<\/div>\n\t\t<\/div>\n\t\t\t\t\t<\/div>\n\t\t<\/section>\n\t\t\t\t<section class=\"elementor-section elementor-inner-section elementor-element elementor-element-42142b5 elementor-section-boxed elementor-section-height-default elementor-section-height-default\" data-id=\"42142b5\" data-element_type=\"section\" data-e-type=\"section\">\n\t\t\t\t\t\t<div class=\"elementor-container elementor-column-gap-default\">\n\t\t\t\t\t<div class=\"elementor-column elementor-col-100 elementor-inner-column elementor-element elementor-element-77206a0 elementor-invisible\" data-id=\"77206a0\" data-element_type=\"column\" data-e-type=\"column\" data-settings=\"{&quot;animation&quot;:&quot;fadeIn&quot;}\">\n\t\t\t<div class=\"elementor-widget-wrap elementor-element-populated\">\n\t\t\t\t\t\t<div class=\"elementor-element elementor-element-7b7195d elementor-widget elementor-widget-image\" data-id=\"7b7195d\" data-element_type=\"widget\" data-e-type=\"widget\" data-widget_type=\"image.default\">\n\t\t\t\t<div class=\"elementor-widget-container\">\n\t\t\t\t\t\t\t\t\t\t\t\t\t\t\t<img fetchpriority=\"high\" decoding=\"async\" width=\"1024\" height=\"421\" src=\"https:\/\/vmcvolmaqcolombia.com\/wp-content\/uploads\/2023\/08\/Diseno-sin-titulo-11-e1693453072839-1024x421.png\" class=\"attachment-large size-large wp-image-24748\" alt=\"\" srcset=\"https:\/\/vmcvolmaqcolombia.com\/wp-content\/uploads\/2023\/08\/Diseno-sin-titulo-11-e1693453072839-1024x421.png 1024w, https:\/\/vmcvolmaqcolombia.com\/wp-content\/uploads\/2023\/08\/Diseno-sin-titulo-11-e1693453072839-300x123.png 300w, https:\/\/vmcvolmaqcolombia.com\/wp-content\/uploads\/2023\/08\/Diseno-sin-titulo-11-e1693453072839-768x316.png 768w, https:\/\/vmcvolmaqcolombia.com\/wp-content\/uploads\/2023\/08\/Diseno-sin-titulo-11-e1693453072839-1536x631.png 1536w, https:\/\/vmcvolmaqcolombia.com\/wp-content\/uploads\/2023\/08\/Diseno-sin-titulo-11-e1693453072839.png 1761w\" sizes=\"(max-width: 1024px) 100vw, 1024px\" \/>\t\t\t\t\t\t\t\t\t\t\t\t\t\t\t<\/div>\n\t\t\t\t<\/div>\n\t\t\t\t\t<\/div>\n\t\t<\/div>\n\t\t\t\t\t<\/div>\n\t\t<\/section>\n\t\t\t\t\t<\/div>\n\t\t<\/div>\n\t\t\t\t\t<\/div>\n\t\t<\/section>\n\t\t\t\t<\/div>\n\t\t","protected":false},"excerpt":{"rendered":"<p>Misi\u00f3n En VOLMAQ COLOMBIA SAS, nuestra misi\u00f3n es ser el socio confiable y l\u00edder en la industria para la provisi\u00f3n de repuestos y servicios para maquinaria amarilla. Nos comprometemos a satisfacer las necesidades \u00fanicas de nuestros clientes, que van desde empresas de construcci\u00f3n hasta operadores individuales, al ofrecer una amplia gama de repuestos y soluciones [&hellip;]<\/p>\n","protected":false},"author":1,"featured_media":0,"parent":0,"menu_order":0,"comment_status":"closed","ping_status":"closed","template":"","meta":{"site-sidebar-layout":"no-sidebar","site-content-layout":"page-builder","ast-site-content-layout":"default","site-content-style":"default","site-sidebar-style":"default","ast-global-header-display":"","ast-banner-title-visibility":"","ast-main-header-display":"","ast-hfb-above-header-display":"","ast-hfb-below-header-display":"","ast-hfb-mobile-header-display":"","site-post-title":"disabled","ast-breadcrumbs-content":"","ast-featured-img":"disabled","footer-sml-layout":"","ast-disable-related-posts":"","theme-transparent-header-meta":"default","adv-header-id-meta":"","stick-header-meta":"","header-above-stick-meta":"","header-main-stick-meta":"","header-below-stick-meta":"","astra-migrate-meta-layouts":"default","ast-page-background-enabled":"default","ast-page-background-meta":{"desktop":{"background-color":"","background-image":"","background-repeat":"repeat","background-position":"center center","background-size":"auto","background-attachment":"scroll","background-type":"","background-media":"","overlay-type":"","overlay-color":"","overlay-opacity":"","overlay-gradient":""},"tablet":{"background-color":"","background-image":"","background-repeat":"repeat","background-position":"center center","background-size":"auto","background-attachment":"scroll","background-type":"","background-media":"","overlay-type":"","overlay-color":"","overlay-opacity":"","overlay-gradient":""},"mobile":{"background-color":"","background-image":"","background-repeat":"repeat","background-position":"center center","background-size":"auto","background-attachment":"scroll","background-type":"","background-media":"","overlay-type":"","overlay-color":"","overlay-opacity":"","overlay-gradient":""}},"ast-content-background-meta":{"desktop":{"background-color":"var(--ast-global-color-5)","background-image":"","background-repeat":"repeat","background-position":"center center","background-size":"auto","background-attachment":"scroll","background-type":"","background-media":"","overlay-type":"","overlay-color":"","overlay-opacity":"","overlay-gradient":""},"tablet":{"background-color":"var(--ast-global-color-5)","background-image":"","background-repeat":"repeat","background-position":"center center","background-size":"auto","background-attachment":"scroll","background-type":"","background-media":"","overlay-type":"","overlay-color":"","overlay-opacity":"","overlay-gradient":""},"mobile":{"background-color":"var(--ast-global-color-5)","background-image":"","background-repeat":"repeat","background-position":"center center","background-size":"auto","background-attachment":"scroll","background-type":"","background-media":"","overlay-type":"","overlay-color":"","overlay-opacity":"","overlay-gradient":""}},"_joinchat":[],"footnotes":""},"class_list":["post-24254","page","type-page","status-publish","hentry"],"_links":{"self":[{"href":"https:\/\/vmcvolmaqcolombia.com\/index.php?rest_route=\/wp\/v2\/pages\/24254","targetHints":{"allow":["GET"]}}],"collection":[{"href":"https:\/\/vmcvolmaqcolombia.com\/index.php?rest_route=\/wp\/v2\/pages"}],"about":[{"href":"https:\/\/vmcvolmaqcolombia.com\/index.php?rest_route=\/wp\/v2\/types\/page"}],"author":[{"embeddable":true,"href":"https:\/\/vmcvolmaqcolombia.com\/index.php?rest_route=\/wp\/v2\/users\/1"}],"replies":[{"embeddable":true,"href":"https:\/\/vmcvolmaqcolombia.com\/index.php?rest_route=%2Fwp%2Fv2%2Fcomments&post=24254"}],"version-history":[{"count":31,"href":"https:\/\/vmcvolmaqcolombia.com\/index.php?rest_route=\/wp\/v2\/pages\/24254\/revisions"}],"predecessor-version":[{"id":24755,"href":"https:\/\/vmcvolmaqcolombia.com\/index.php?rest_route=\/wp\/v2\/pages\/24254\/revisions\/24755"}],"wp:attachment":[{"href":"https:\/\/vmcvolmaqcolombia.com\/index.php?rest_route=%2Fwp%2Fv2%2Fmedia&parent=24254"}],"curies":[{"name":"wp","href":"https:\/\/api.w.org\/{rel}","templated":true}]}}